{"id":2431,"date":"2020-10-03T17:14:03","date_gmt":"2020-10-03T15:14:03","guid":{"rendered":"https:\/\/stb-martinez.berlin\/perfil\/"},"modified":"2023-06-16T11:09:59","modified_gmt":"2023-06-16T09:09:59","slug":"perfil","status":"publish","type":"page","link":"https:\/\/stb-martinez.berlin\/es\/perfil\/","title":{"rendered":"PERFIL"},"content":{"rendered":"<p><div class=\"fusion-fullwidth fullwidth-box fusion-builder-row-1 fusion-flex-container nonhundred-percent-fullwidth non-hundred-percent-height-scrolling fusion-animated\" style=\"--awb-border-radius-top-left:0px;--awb-border-radius-top-right:0px;--awb-border-radius-bottom-right:0px;--awb-border-radius-bottom-left:0px;--awb-padding-top:25px;--awb-padding-right:25px;--awb-padding-bottom:25px;--awb-padding-left:25px;--awb-padding-top-small:0px;--awb-padding-right-small:12vw;--awb-padding-bottom-small:12vw;--awb-padding-left-small:12vw;--awb-margin-top:25px;--awb-margin-bottom:25px;--awb-flex-wrap:wrap;\" data-animationType=\"fadeInUp\" data-animationDuration=\"1.2\" data-animationOffset=\"top-into-view\" ><div class=\"fusion-builder-row fusion-row fusion-flex-align-items-flex-start fusion-flex-content-wrap\" style=\"max-width:1365px;margin-left: calc(-5% \/ 2 );margin-right: calc(-5% \/ 2 );\"><div class=\"fusion-layout-column fusion_builder_column fusion-builder-column-0 fusion_builder_column_1_2 1_2 fusion-flex-column fusion-flex-align-self-center\" style=\"--awb-bg-blend:overlay;--awb-bg-size:cover;--awb-width-large:50%;--awb-margin-top-large:0px;--awb-spacing-right-large:3.8%;--awb-margin-bottom-large:0px;--awb-spacing-left-large:4.56%;--awb-width-medium:50%;--awb-spacing-right-medium:3.8%;--awb-spacing-left-medium:4.56%;--awb-width-small:100%;--awb-spacing-right-small:2.375%;--awb-spacing-left-small:2.375%;\"><div class=\"fusion-column-wrapper fusion-flex-justify-content-flex-start fusion-content-layout-column\"><div class=\"fusion-title title fusion-title-1 fusion-sep-none fusion-title-text fusion-title-size-two\" style=\"--awb-margin-top-small:10px;--awb-margin-right-small:0px;--awb-margin-bottom-small:10px;--awb-margin-left-small:0px;\"><h2 class=\"fusion-title-heading title-heading-left\" style=\"margin:0;line-height:1.8em;\">Junto con mi equipo <br \/>te asesoramos personal e individualmente de acuerdo a tus requerimientos <br \/>en los temas tributarios<\/h2><\/div><\/div><\/div><div class=\"fusion-layout-column fusion_builder_column fusion-builder-column-1 fusion_builder_column_1_2 1_2 fusion-flex-column fusion-flex-align-self-flex-start\" style=\"--awb-padding-top:10px;--awb-padding-left:25px;--awb-bg-blend:overlay;--awb-bg-size:cover;--awb-width-large:50%;--awb-margin-top-large:0px;--awb-spacing-right-large:4.75%;--awb-margin-bottom-large:0px;--awb-spacing-left-large:4.75%;--awb-width-medium:50%;--awb-spacing-right-medium:4.75%;--awb-spacing-left-medium:4.75%;--awb-width-small:100%;--awb-spacing-right-small:2.375%;--awb-spacing-left-small:2.375%;\"><div class=\"fusion-column-wrapper fusion-flex-justify-content-flex-start fusion-content-layout-column\"><div class=\"fusion-text fusion-text-1\" style=\"--awb-text-color:var(--awb-color6);\"><p>Encuentras que la ley Tributaria es demasiado compleja? Nosotros observamos tus asuntos desde diferentes \u00e1ngulos, porque cada cliente requiere una soluci\u00f3n individual. Estaremos encantados de asesorarte en el idioma alem\u00e1n, espa\u00f1ol y polaco.<\/p>\n<p>Nuestros clientes son Pymes, proveedores de servicios y aut\u00f3nomos. Adem\u00e1s, asesoramos a particulares en todas las \u00e1reas del derecho tributario. Estaremos encantados de tenerte como cliente.<\/p>\n<\/div><\/div><\/div><\/div><\/div><div class=\"fusion-fullwidth fullwidth-box fusion-builder-row-2 fusion-flex-container hundred-percent-fullwidth non-hundred-percent-height-scrolling\" style=\"--awb-border-color:var(--awb-color4);--awb-border-radius-top-left:0px;--awb-border-radius-top-right:0px;--awb-border-radius-bottom-right:0px;--awb-border-radius-bottom-left:0px;--awb-padding-top:0px;--awb-padding-right:0px;--awb-padding-bottom:0px;--awb-padding-left:0px;--awb-margin-bottom:0px;--awb-flex-wrap:wrap;\" ><div class=\"fusion-builder-row fusion-row fusion-flex-align-items-stretch fusion-flex-content-wrap\" style=\"width:calc( 100% + 0px ) !important;max-width:calc( 100% + 0px ) !important;margin-left: calc(-0px \/ 2 );margin-right: calc(-0px \/ 2 );\"><div class=\"fusion-layout-column fusion_builder_column fusion-builder-column-2 fusion_builder_column_1_2 1_2 fusion-flex-column fusion-animated\" style=\"--awb-padding-top:15vh;--awb-padding-right:8vw;--awb-padding-bottom:15vh;--awb-padding-left:8vw;--awb-padding-top-medium:8vw;--awb-padding-bottom-medium:8vw;--awb-padding-top-small:10vh;--awb-padding-bottom-small:10vh;--awb-bg-color:var(--awb-color2);--awb-bg-color-hover:var(--awb-color2);--awb-bg-size:cover;--awb-width-large:50%;--awb-margin-top-large:0px;--awb-spacing-right-large:0px;--awb-margin-bottom-large:0px;--awb-spacing-left-large:0px;--awb-width-medium:50%;--awb-order-medium:0;--awb-spacing-right-medium:0px;--awb-spacing-left-medium:0px;--awb-width-small:100%;--awb-order-small:1;--awb-spacing-right-small:0px;--awb-spacing-left-small:0px;\" data-animationType=\"fadeInLeft\" data-animationDuration=\"1.0\" data-animationOffset=\"top-into-view\"><div class=\"fusion-column-wrapper fusion-column-has-shadow fusion-flex-justify-content-flex-start fusion-content-layout-column\"><div class=\"fusion-text fusion-text-2\" style=\"--awb-content-alignment:center;--awb-font-size:var(--awb-typography2-font-size);--awb-line-height:var(--awb-typography2-line-height);--awb-letter-spacing:var(--awb-typography2-letter-spacing);--awb-text-transform:var(--awb-typography2-text-transform);--awb-text-color:var(--awb-color5);--awb-text-font-family:var(--awb-typography2-font-family);--awb-text-font-weight:var(--awb-typography2-font-weight);--awb-text-font-style:var(--awb-typography2-font-style);\"><p>Consultor\u00eda de Asesor\u00eda Fiscal Mart\u00ednez<\/p>\n<\/div><div class=\"fusion-title title fusion-title-2 fusion-sep-none fusion-title-center fusion-title-text fusion-title-size-two\" style=\"--awb-margin-bottom:30px;--awb-margin-top-small:10px;--awb-margin-right-small:0px;--awb-margin-bottom-small:10px;--awb-margin-left-small:0px;--awb-font-size:45px;\"><h2 class=\"fusion-title-heading title-heading-center\" style=\"margin:0;font-size:1em;\">Janet Mart\u00ednez <br \/>de Peglow<\/h2><\/div><div class=\"fusion-text fusion-text-3\" style=\"--awb-content-alignment:center;--awb-font-size:var(--awb-typography2-font-size);--awb-line-height:var(--awb-typography2-line-height);--awb-letter-spacing:var(--awb-typography2-letter-spacing);--awb-text-transform:var(--awb-typography2-text-transform);--awb-text-color:var(--awb-color5);--awb-text-font-family:var(--awb-typography2-font-family);--awb-text-font-weight:var(--awb-typography2-font-weight);--awb-text-font-style:var(--awb-typography2-font-style);\"><p>Asesora Fiscal<\/p>\n<\/div><\/div><\/div><div class=\"fusion-layout-column fusion_builder_column fusion-builder-column-3 fusion_builder_column_1_2 1_2 fusion-flex-column fusion-animated\" style=\"--awb-bg-position:center center;--awb-bg-size:cover;--awb-width-large:50%;--awb-margin-top-large:0px;--awb-spacing-right-large:0px;--awb-margin-bottom-large:0px;--awb-spacing-left-large:0px;--awb-width-medium:50%;--awb-order-medium:0;--awb-spacing-right-medium:0px;--awb-spacing-left-medium:0px;--awb-width-small:100%;--awb-order-small:0;--awb-spacing-right-small:0px;--awb-spacing-left-small:0px;\" data-animationType=\"fadeInRight\" data-animationDuration=\"1.0\" data-animationOffset=\"top-into-view\" data-scroll-devices=\"small-visibility,medium-visibility,large-visibility\"><div class=\"fusion-column-wrapper lazyload fusion-column-has-shadow fusion-flex-justify-content-flex-start fusion-content-layout-column fusion-empty-column-bg-image fusion-column-has-bg-image\" data-bg-url=\"https:\/\/stb-martinez.berlin\/wp-content\/uploads\/2023\/05\/Martinez01.jpg\" data-bg=\"https:\/\/stb-martinez.berlin\/wp-content\/uploads\/2023\/05\/Martinez01.jpg\"><img decoding=\"async\" class=\"fusion-empty-dims-img-placeholder fusion-no-large-visibility fusion-no-medium-visibility\" aria-label=\"Martinez01\" src=\"data:image\/svg+xml,%3Csvg%20xmlns%3D%27http%3A%2F%2Fwww.w3.org%2F2000%2Fsvg%27%20width%3D%27832%27%20height%3D%27540%27%20viewBox%3D%270%200%20832%20540%27%3E%3Crect%20width%3D%27832%27%20height%3D%27540%27%20fill-opacity%3D%220%22%2F%3E%3C%2Fsvg%3E\"><\/div><\/div><\/div><\/div><div class=\"fusion-fullwidth fullwidth-box fusion-builder-row-3 fusion-flex-container nonhundred-percent-fullwidth non-hundred-percent-height-scrolling fusion-animated\" style=\"--awb-border-color:var(--awb-color4);--awb-border-radius-top-left:0px;--awb-border-radius-top-right:0px;--awb-border-radius-bottom-right:0px;--awb-border-radius-bottom-left:0px;--awb-padding-top:0px;--awb-padding-bottom:22px;--awb-margin-bottom:0px;--awb-flex-wrap:wrap;\" data-animationType=\"fadeInUp\" data-animationDuration=\"1.9\" data-animationOffset=\"top-into-view\" ><div class=\"fusion-builder-row fusion-row fusion-flex-align-items-stretch fusion-flex-content-wrap\" style=\"max-width:1365px;margin-left: calc(-5% \/ 2 );margin-right: calc(-5% \/ 2 );\"><div class=\"fusion-layout-column fusion_builder_column fusion-builder-column-4 fusion_builder_column_1_1 1_1 fusion-flex-column\" style=\"--awb-bg-size:cover;--awb-width-large:100%;--awb-margin-top-large:38px;--awb-spacing-right-large:2.375%;--awb-margin-bottom-large:20px;--awb-spacing-left-large:2.375%;--awb-width-medium:100%;--awb-order-medium:0;--awb-spacing-right-medium:2.375%;--awb-spacing-left-medium:2.375%;--awb-width-small:100%;--awb-order-small:0;--awb-spacing-right-small:2.375%;--awb-spacing-left-small:2.375%;\"><div class=\"fusion-column-wrapper fusion-column-has-shadow fusion-flex-justify-content-flex-start fusion-content-layout-column\"><div class=\"accordian fusion-accordian\" style=\"--awb-border-size:1px;--awb-icon-size:16px;--awb-content-font-size:var(--awb-typography4-font-size);--awb-icon-alignment:left;--awb-hover-color:var(--awb-color2);--awb-border-color:var(--awb-color3);--awb-background-color:var(--awb-color1);--awb-divider-color:var(--awb-color4);--awb-divider-hover-color:var(--awb-color4);--awb-icon-color:var(--awb-color1);--awb-title-color:var(--awb-color6);--awb-content-color:var(--awb-color6);--awb-icon-box-color:var(--awb-color5);--awb-toggle-hover-accent-color:var(--awb-color5);--awb-title-font-family:&quot;Source Sans Pro&quot;;--awb-title-font-weight:600;--awb-title-font-style:normal;--awb-title-font-size:19px;--awb-title-text-transform:uppercase;--awb-content-font-family:&quot;Source Sans 3&quot;;--awb-content-font-style:normal;--awb-content-font-weight:var(--awb-typography4);\"><div class=\"panel-group fusion-toggle-icon-boxed\" id=\"accordion-2431-1\"><div class=\"fusion-panel panel-default panel-2b33a6d5c407ea826 fusion-toggle-has-divider\" style=\"--awb-title-color:var(--awb-color8);--awb-content-color:var(--awb-color6);\"><div class=\"panel-heading\"><h5 class=\"panel-title toggle\" id=\"toggle_2b33a6d5c407ea826\"><a class=\"active\" aria-expanded=\"true\" aria-controls=\"2b33a6d5c407ea826\" role=\"button\" data-toggle=\"collapse\" data-parent=\"#accordion-2431-1\" data-target=\"#2b33a6d5c407ea826\" href=\"#2b33a6d5c407ea826\"><span class=\"fusion-toggle-icon-wrapper\" aria-hidden=\"true\"><i class=\"fa-fusion-box active-icon awb-icon-minus\" aria-hidden=\"true\"><\/i><i class=\"fa-fusion-box inactive-icon awb-icon-plus\" aria-hidden=\"true\"><\/i><\/span><span class=\"fusion-toggle-heading\">Janet Martinez de Peglow \u2013 Perfil<\/span><\/a><\/h5><\/div><div id=\"2b33a6d5c407ea826\" class=\"panel-collapse collapse in\" aria-labelledby=\"toggle_2b33a6d5c407ea826\"><div class=\"panel-body toggle-content fusion-clearfix\">\n<ul>\n<li>Nacida en Lima-Per\u00fa<\/li>\n<li>Contadora P\u00fablica Colegiada egresada de la Universidad Ricardo Palma, con varios a\u00f1os de experiencia profesional en Per\u00fa en diversas empresas con diferentes formas jur\u00eddicas.<\/li>\n<li>Desde noviembre de 2002 realizando practicas contables en Alemania y el 2006 culmina satisfactoriamente el Ausbildung como \u201cSteuerfachangestellte\u201d y adquiere experiencia en diferentes oficinas de asesorias de impuestos.<\/li>\n<li>En el a\u00f1o 2011 obtuvo el titulo de \u201cBilanzbuchhalterin\u201d del IHK (C\u00e1mara de Industria y Comercio) incrementando experiencia en diversas asesor\u00edas contables, as\u00ed como en la firma Ernst &amp; Young GmbH.<\/li>\n<li>Desde noviembre de 2021 a ra\u00edz de su larga trayectoria profesional trabaja como contable aut\u00f3noma teniendo como clientes a diversas Pymes y clientes particulares.<\/li>\n<li>En 2023, aprob\u00f3 con \u00e9xito el examen de asesora fiscal e inagura su propia consultor\u00eda de asesor\u00eda fiscal y contable moderna y multiling\u00fce (aleman, espa\u00f1ol y polaco) en Berl\u00edn-Mitte.<\/li>\n<\/ul>\n<\/div><\/div><\/div><\/div><\/div><\/div><\/div><\/div><\/div><\/p>\n","protected":false},"excerpt":{"rendered":"","protected":false},"author":2,"featured_media":0,"parent":0,"menu_order":0,"comment_status":"closed","ping_status":"closed","template":"100-width.php","meta":{"footnotes":""},"class_list":["post-2431","page","type-page","status-publish","hentry"],"yoast_head":"<!-- This site is optimized with the Yoast SEO plugin v27.5 - https:\/\/yoast.com\/product\/yoast-seo-wordpress\/ -->\n<title>PERFIL - Steuerkanzlei Martinez<\/title>\n<meta name=\"robots\" content=\"index, follow, max-snippet:-1, max-image-preview:large, max-video-preview:-1\" \/>\n<link rel=\"canonical\" href=\"https:\/\/stb-martinez.berlin\/es\/perfil\/\" \/>\n<meta property=\"og:locale\" content=\"es_ES\" \/>\n<meta property=\"og:type\" content=\"article\" \/>\n<meta property=\"og:title\" content=\"PERFIL - Steuerkanzlei Martinez\" \/>\n<meta property=\"og:url\" content=\"https:\/\/stb-martinez.berlin\/es\/perfil\/\" \/>\n<meta property=\"og:site_name\" content=\"Steuerkanzlei Martinez\" \/>\n<meta property=\"article:modified_time\" content=\"2023-06-16T09:09:59+00:00\" \/>\n<meta name=\"twitter:card\" content=\"summary_large_image\" \/>\n<meta name=\"twitter:label1\" content=\"Tiempo de lectura\" \/>\n\t<meta name=\"twitter:data1\" content=\"10 minutos\" \/>\n<script type=\"application\/ld+json\" class=\"yoast-schema-graph\">{\"@context\":\"https:\\\/\\\/schema.org\",\"@graph\":[{\"@type\":\"WebPage\",\"@id\":\"https:\\\/\\\/stb-martinez.berlin\\\/es\\\/perfil\\\/\",\"url\":\"https:\\\/\\\/stb-martinez.berlin\\\/es\\\/perfil\\\/\",\"name\":\"PERFIL - Steuerkanzlei Martinez\",\"isPartOf\":{\"@id\":\"https:\\\/\\\/stb-martinez.berlin\\\/#website\"},\"datePublished\":\"2020-10-03T15:14:03+00:00\",\"dateModified\":\"2023-06-16T09:09:59+00:00\",\"breadcrumb\":{\"@id\":\"https:\\\/\\\/stb-martinez.berlin\\\/es\\\/perfil\\\/#breadcrumb\"},\"inLanguage\":\"es\",\"potentialAction\":[{\"@type\":\"ReadAction\",\"target\":[\"https:\\\/\\\/stb-martinez.berlin\\\/es\\\/perfil\\\/\"]}]},{\"@type\":\"BreadcrumbList\",\"@id\":\"https:\\\/\\\/stb-martinez.berlin\\\/es\\\/perfil\\\/#breadcrumb\",\"itemListElement\":[{\"@type\":\"ListItem\",\"position\":1,\"name\":\"Startseite\",\"item\":\"https:\\\/\\\/stb-martinez.berlin\\\/es\\\/consultoria-de-asesoria-fiscal-martinez\\\/\"},{\"@type\":\"ListItem\",\"position\":2,\"name\":\"PERFIL\"}]},{\"@type\":\"WebSite\",\"@id\":\"https:\\\/\\\/stb-martinez.berlin\\\/#website\",\"url\":\"https:\\\/\\\/stb-martinez.berlin\\\/\",\"name\":\"Steuerkanzlei Martinez\",\"description\":\"\",\"publisher\":{\"@id\":\"https:\\\/\\\/stb-martinez.berlin\\\/#organization\"},\"potentialAction\":[{\"@type\":\"SearchAction\",\"target\":{\"@type\":\"EntryPoint\",\"urlTemplate\":\"https:\\\/\\\/stb-martinez.berlin\\\/?s={search_term_string}\"},\"query-input\":{\"@type\":\"PropertyValueSpecification\",\"valueRequired\":true,\"valueName\":\"search_term_string\"}}],\"inLanguage\":\"es\"},{\"@type\":\"Organization\",\"@id\":\"https:\\\/\\\/stb-martinez.berlin\\\/#organization\",\"name\":\"Steuerkanzlei Martinez\",\"alternateName\":\"CONSULTOR\u00cdA FISCAL MART\u00cdNEZ EN BERLIN-MITTE\",\"url\":\"https:\\\/\\\/stb-martinez.berlin\\\/\",\"logo\":{\"@type\":\"ImageObject\",\"inLanguage\":\"es\",\"@id\":\"https:\\\/\\\/stb-martinez.berlin\\\/#\\\/schema\\\/logo\\\/image\\\/\",\"url\":\"https:\\\/\\\/stb-martinez.berlin\\\/wp-content\\\/uploads\\\/2023\\\/07\\\/org_martinez.png\",\"contentUrl\":\"https:\\\/\\\/stb-martinez.berlin\\\/wp-content\\\/uploads\\\/2023\\\/07\\\/org_martinez.png\",\"width\":224,\"height\":65,\"caption\":\"Steuerkanzlei Martinez\"},\"image\":{\"@id\":\"https:\\\/\\\/stb-martinez.berlin\\\/#\\\/schema\\\/logo\\\/image\\\/\"}}]}<\/script>\n<!-- \/ Yoast SEO plugin. -->","yoast_head_json":{"title":"PERFIL - Steuerkanzlei Martinez","robots":{"index":"index","follow":"follow","max-snippet":"max-snippet:-1","max-image-preview":"max-image-preview:large","max-video-preview":"max-video-preview:-1"},"canonical":"https:\/\/stb-martinez.berlin\/es\/perfil\/","og_locale":"es_ES","og_type":"article","og_title":"PERFIL - Steuerkanzlei Martinez","og_url":"https:\/\/stb-martinez.berlin\/es\/perfil\/","og_site_name":"Steuerkanzlei Martinez","article_modified_time":"2023-06-16T09:09:59+00:00","twitter_card":"summary_large_image","twitter_misc":{"Tiempo de lectura":"10 minutos"},"schema":{"@context":"https:\/\/schema.org","@graph":[{"@type":"WebPage","@id":"https:\/\/stb-martinez.berlin\/es\/perfil\/","url":"https:\/\/stb-martinez.berlin\/es\/perfil\/","name":"PERFIL - Steuerkanzlei Martinez","isPartOf":{"@id":"https:\/\/stb-martinez.berlin\/#website"},"datePublished":"2020-10-03T15:14:03+00:00","dateModified":"2023-06-16T09:09:59+00:00","breadcrumb":{"@id":"https:\/\/stb-martinez.berlin\/es\/perfil\/#breadcrumb"},"inLanguage":"es","potentialAction":[{"@type":"ReadAction","target":["https:\/\/stb-martinez.berlin\/es\/perfil\/"]}]},{"@type":"BreadcrumbList","@id":"https:\/\/stb-martinez.berlin\/es\/perfil\/#breadcrumb","itemListElement":[{"@type":"ListItem","position":1,"name":"Startseite","item":"https:\/\/stb-martinez.berlin\/es\/consultoria-de-asesoria-fiscal-martinez\/"},{"@type":"ListItem","position":2,"name":"PERFIL"}]},{"@type":"WebSite","@id":"https:\/\/stb-martinez.berlin\/#website","url":"https:\/\/stb-martinez.berlin\/","name":"Steuerkanzlei Martinez","description":"","publisher":{"@id":"https:\/\/stb-martinez.berlin\/#organization"},"potentialAction":[{"@type":"SearchAction","target":{"@type":"EntryPoint","urlTemplate":"https:\/\/stb-martinez.berlin\/?s={search_term_string}"},"query-input":{"@type":"PropertyValueSpecification","valueRequired":true,"valueName":"search_term_string"}}],"inLanguage":"es"},{"@type":"Organization","@id":"https:\/\/stb-martinez.berlin\/#organization","name":"Steuerkanzlei Martinez","alternateName":"CONSULTOR\u00cdA FISCAL MART\u00cdNEZ EN BERLIN-MITTE","url":"https:\/\/stb-martinez.berlin\/","logo":{"@type":"ImageObject","inLanguage":"es","@id":"https:\/\/stb-martinez.berlin\/#\/schema\/logo\/image\/","url":"https:\/\/stb-martinez.berlin\/wp-content\/uploads\/2023\/07\/org_martinez.png","contentUrl":"https:\/\/stb-martinez.berlin\/wp-content\/uploads\/2023\/07\/org_martinez.png","width":224,"height":65,"caption":"Steuerkanzlei Martinez"},"image":{"@id":"https:\/\/stb-martinez.berlin\/#\/schema\/logo\/image\/"}}]}},"_links":{"self":[{"href":"https:\/\/stb-martinez.berlin\/es\/wp-json\/wp\/v2\/pages\/2431","targetHints":{"allow":["GET"]}}],"collection":[{"href":"https:\/\/stb-martinez.berlin\/es\/wp-json\/wp\/v2\/pages"}],"about":[{"href":"https:\/\/stb-martinez.berlin\/es\/wp-json\/wp\/v2\/types\/page"}],"author":[{"embeddable":true,"href":"https:\/\/stb-martinez.berlin\/es\/wp-json\/wp\/v2\/users\/2"}],"replies":[{"embeddable":true,"href":"https:\/\/stb-martinez.berlin\/es\/wp-json\/wp\/v2\/comments?post=2431"}],"version-history":[{"count":5,"href":"https:\/\/stb-martinez.berlin\/es\/wp-json\/wp\/v2\/pages\/2431\/revisions"}],"predecessor-version":[{"id":2478,"href":"https:\/\/stb-martinez.berlin\/es\/wp-json\/wp\/v2\/pages\/2431\/revisions\/2478"}],"wp:attachment":[{"href":"https:\/\/stb-martinez.berlin\/es\/wp-json\/wp\/v2\/media?parent=2431"}],"curies":[{"name":"wp","href":"https:\/\/api.w.org\/{rel}","templated":true}]}}