{"id":2434,"date":"2020-10-15T12:48:15","date_gmt":"2020-10-15T10:48:15","guid":{"rendered":"https:\/\/stb-martinez.berlin\/servicios\/"},"modified":"2023-07-26T09:50:28","modified_gmt":"2023-07-26T07:50:28","slug":"servicios","status":"publish","type":"page","link":"https:\/\/stb-martinez.berlin\/es\/servicios\/","title":{"rendered":"SERVICIOS"},"content":{"rendered":"<div class=\"fusion-fullwidth fullwidth-box fusion-builder-row-1 fusion-flex-container has-pattern-background has-mask-background fusion-parallax-fixed nonhundred-percent-fullwidth non-hundred-percent-height-scrolling lazyload\" style=\"--awb-background-position:center top;--awb-border-radius-top-left:0px;--awb-border-radius-top-right:0px;--awb-border-radius-bottom-right:0px;--awb-border-radius-bottom-left:0px;--awb-padding-top:8vw;--awb-padding-bottom:8vw;--awb-padding-top-small:12vw;--awb-padding-bottom-small:12vw;--awb-margin-bottom:0px;--awb-background-color:rgba(255,255,255,0.53);--awb-background-image:linear-gradient(267deg, rgba(251,247,243,0.5) 0%,rgba(255,255,255,0) 80%);;--awb-background-size:cover;--awb-flex-wrap:wrap;background-attachment:fixed;\" data-bg=\"https:\/\/stb-martinez.berlin\/wp-content\/uploads\/2023\/06\/STB_Martinez_Berlin10.jpg\" data-bg-gradient=\"linear-gradient(267deg, rgba(251,247,243,0.5) 0%,rgba(255,255,255,0) 80%)\" ><div class=\"fusion-builder-row fusion-row fusion-flex-align-items-center fusion-flex-content-wrap\" style=\"max-width:1365px;margin-left: calc(-5% \/ 2 );margin-right: calc(-5% \/ 2 );\"><div class=\"fusion-layout-column fusion_builder_column fusion-builder-column-0 fusion_builder_column_2_3 2_3 fusion-flex-column fusion-animated\" style=\"--awb-padding-top:31px;--awb-padding-right:27px;--awb-padding-left:26px;--awb-overflow:hidden;--awb-bg-color:rgba(255,255,255,0.85);--awb-bg-color-hover:rgba(255,255,255,0.85);--awb-bg-size:cover;--awb-border-radius:6px 6px 0px 0px;--awb-width-large:66.666666666667%;--awb-margin-top-large:0px;--awb-spacing-right-large:3.5625%;--awb-margin-bottom-large:0px;--awb-spacing-left-large:3.2775%;--awb-width-medium:75%;--awb-spacing-right-medium:3.1666666666667%;--awb-spacing-left-medium:2.9133333333333%;--awb-width-small:100%;--awb-spacing-right-small:2.375%;--awb-spacing-left-small:2.375%;\" data-animationType=\"fadeInLeft\" data-animationDuration=\"1.0\" data-animationOffset=\"top-into-view\"><div class=\"fusion-column-wrapper fusion-column-has-shadow fusion-flex-justify-content-center fusion-content-layout-column\"><div class=\"fusion-title title fusion-title-1 fusion-no-small-visibility fusion-no-medium-visibility fusion-sep-none fusion-title-text fusion-title-size-two\" style=\"--awb-text-color:var(--awb-color6);--awb-margin-bottom:1.5vw;--awb-margin-top-small:10px;--awb-margin-right-small:0px;--awb-margin-bottom-small:40px;--awb-margin-left-small:0px;--awb-font-size:45px;\"><h2 class=\"fusion-title-heading title-heading-left\" style=\"margin:0;font-size:1em;line-height:1.2;\">Examinamos sus asuntos desde distintos \u00e1ngulos<\/h2><\/div><div class=\"fusion-title title fusion-title-2 fusion-no-large-visibility fusion-sep-none fusion-title-text fusion-title-size-two\" style=\"--awb-text-color:var(--awb-color6);--awb-margin-bottom:1.5vw;--awb-margin-top-small:10px;--awb-margin-right-small:0px;--awb-margin-bottom-small:40px;--awb-margin-left-small:0px;--awb-font-size:42px;\"><h2 class=\"fusion-title-heading title-heading-left\" style=\"margin:0;font-size:1em;line-height:1.2;\">Examinamos sus asuntos desde distintos \u00e1ngulos, porque cada caso requiere una soluci\u00f3n individual.<\/h2><\/div><div class=\"fusion-text fusion-text-1 fusion-text-no-margin\" style=\"--awb-font-size:20px;--awb-text-color:var(--awb-color6);--awb-margin-bottom:-20px;\"><p style=\"width: 75%; text-align: left;\">porque cada caso requiere una soluci\u00f3n individual.<\/p>\n<\/div><div class=\"fusion-separator fusion-full-width-sep\" style=\"align-self: center;margin-left: auto;margin-right: auto;margin-top:50px;width:100%;\"><\/div><\/div><\/div><div class=\"fusion-layout-column fusion_builder_column fusion-builder-column-1 fusion_builder_column_2_3 2_3 fusion-flex-column fusion-animated\" style=\"--awb-padding-top:27px;--awb-padding-right:28px;--awb-padding-bottom:29px;--awb-padding-left:30px;--awb-overflow:hidden;--awb-bg-color:rgba(255,255,255,0.85);--awb-bg-color-hover:rgba(255,255,255,0.85);--awb-bg-size:cover;--awb-border-radius:0px 0px 6px 6px;--awb-width-large:66.666666666667%;--awb-margin-top-large:0px;--awb-spacing-right-large:3.5625%;--awb-margin-bottom-large:0px;--awb-spacing-left-large:3.2775%;--awb-width-medium:75%;--awb-spacing-right-medium:3.1666666666667%;--awb-spacing-left-medium:2.9133333333333%;--awb-width-small:100%;--awb-spacing-right-small:2.375%;--awb-spacing-left-small:2.375%;\" data-animationType=\"fadeInLeft\" data-animationDuration=\"1.0\" data-animationOffset=\"top-into-view\"><div class=\"fusion-column-wrapper fusion-column-has-shadow fusion-flex-justify-content-center fusion-content-layout-column\"><div class=\"accordian fusion-accordian\" style=\"--awb-border-size:1px;--awb-icon-size:18px;--awb-content-font-size:var(--awb-typography4-font-size);--awb-icon-alignment:left;--awb-hover-color:var(--awb-color2);--awb-border-color:var(--awb-color3);--awb-background-color:var(--awb-color1);--awb-divider-color:var(--awb-color6);--awb-divider-hover-color:var(--awb-color4);--awb-icon-color:var(--awb-color1);--awb-title-color:var(--awb-color6);--awb-content-color:var(--awb-color6);--awb-icon-box-color:var(--awb-color5);--awb-toggle-hover-accent-color:var(--awb-color5);--awb-title-font-family:&quot;Source Sans Pro&quot;;--awb-title-font-weight:500;--awb-title-font-style:normal;--awb-title-font-size:18px;--awb-title-line-height:2.5;--awb-title-text-transform:uppercase;--awb-content-font-family:&quot;Source Sans 3&quot;;--awb-content-font-style:normal;--awb-content-font-weight:var(--awb-typography4);\"><div class=\"panel-group fusion-toggle-icon-boxed\" id=\"accordion-2434-1\"><div class=\"fusion-panel panel-default panel-971ff09b88b663508 fusion-toggle-has-divider\" style=\"--awb-content-font-size:18px;--awb-content-line-height:1.8;--awb-content-font-family:&quot;Source Sans 3&quot;;--awb-content-font-style:normal;--awb-content-font-weight:400;--awb-title-font-family:&quot;Source Sans 3&quot;;--awb-title-font-weight:500;--awb-title-font-style:normal;--awb-title-color:var(--awb-color8);--awb-content-color:var(--awb-color6);\"><div class=\"panel-heading\"><h5 class=\"panel-title toggle\" id=\"toggle_971ff09b88b663508\"><a aria-expanded=\"false\" aria-controls=\"971ff09b88b663508\" role=\"button\" data-toggle=\"collapse\" data-parent=\"#accordion-2434-1\" data-target=\"#971ff09b88b663508\" href=\"#971ff09b88b663508\"><span class=\"fusion-toggle-icon-wrapper\" aria-hidden=\"true\"><i class=\"fa-fusion-box active-icon awb-icon-minus\" aria-hidden=\"true\"><\/i><i class=\"fa-fusion-box inactive-icon awb-icon-plus\" aria-hidden=\"true\"><\/i><\/span><span class=\"fusion-toggle-heading\">CONTABILIDAD FINANCIERA<\/span><\/a><\/h5><\/div><div id=\"971ff09b88b663508\" class=\"panel-collapse collapse \" aria-labelledby=\"toggle_971ff09b88b663508\"><div class=\"panel-body toggle-content fusion-clearfix\">\n<p>Ofrecemos un servicio completo en la elaboraci\u00f3n de la contabilidad y centramos nuestro trabajo en las necesidades y requisitos de cada cliente, puesto que es la fuente de informaci\u00f3n m\u00e1s importante para cada empresario. Puedes determinar el alcance de los servicios individualmente. Nosotros trabajamos b\u00e1sicamente como oficina digitalizada y sin papel, pero sin olvidarnos de nuestros clientes que prefieren la forma cl\u00e1sica. Por ello te ofrecemos los siguientes m\u00e9todos de trabajo:<\/p>\n<ul>\n<li><strong>Variante 1:<\/strong><br \/>\nPuedes enviarnos los documentos digitalmente sin tener que salir de tu oficina o empresa.<\/li>\n<li><strong>Variante 2:<\/strong><br \/>\nPuedes enviarnos los documentos completos en papel de la foma cl\u00e1sica.<\/li>\n<li><strong>Variante 3:<\/strong><br \/>\nDispones de un programa contable (Lexware, Lexoffice, SevDesk, etc.) y necesitas que nosotros supervisemos la correcta contabilizaci\u00f3n antes de presentar la declaraci\u00f3n mensual del IVA a la Agencia Tributaria.<\/li>\n<\/ul>\n<p>Independientemente de la variante mencionada anteriormente, nosotros procesaremos o revisaremos tus transacciones comerciales. Despu\u00e9s obtendr\u00e1s de nosotros:<\/p>\n<ul>\n<li>Todas las evaluaciones necesarias de tu negocio<\/li>\n<li>La evaluaci\u00f3n econ\u00f3mica, inclu\u00eddo el an\u00e1lisis conjunto mensual o trimestral de las cifras disponibles para la planificaci\u00f3n fiscal y empresarial<\/li>\n<li>Una copia de la declaraci\u00f3n mensual presentada del IVA.<\/li>\n<\/ul>\n<\/div><\/div><\/div><div class=\"fusion-panel panel-default panel-87bc8ac9f50c5f234 fusion-toggle-has-divider\" style=\"--awb-content-font-size:18px;--awb-content-line-height:1.8;--awb-content-font-family:&quot;Source Sans 3&quot;;--awb-content-font-style:normal;--awb-content-font-weight:400;--awb-title-font-family:&quot;Source Sans 3&quot;;--awb-title-font-weight:500;--awb-title-font-style:normal;--awb-title-color:var(--awb-color8);--awb-content-color:var(--awb-color6);\"><div class=\"panel-heading\"><h5 class=\"panel-title toggle\" id=\"toggle_87bc8ac9f50c5f234\"><a aria-expanded=\"false\" aria-controls=\"87bc8ac9f50c5f234\" role=\"button\" data-toggle=\"collapse\" data-parent=\"#accordion-2434-1\" data-target=\"#87bc8ac9f50c5f234\" href=\"#87bc8ac9f50c5f234\"><span class=\"fusion-toggle-icon-wrapper\" aria-hidden=\"true\"><i class=\"fa-fusion-box active-icon awb-icon-minus\" aria-hidden=\"true\"><\/i><i class=\"fa-fusion-box inactive-icon awb-icon-plus\" aria-hidden=\"true\"><\/i><\/span><span class=\"fusion-toggle-heading\">CONTABILIDAD SALARIAL<\/span><\/a><\/h5><\/div><div id=\"87bc8ac9f50c5f234\" class=\"panel-collapse collapse \" aria-labelledby=\"toggle_87bc8ac9f50c5f234\"><div class=\"panel-body toggle-content fusion-clearfix\">\n<p>En el \u00e1rea de contabilidad salarial tambi\u00e9n podemos apoyarte de acuerdo a tus necesidades. Si decides externalizar completamente la contabilidad de n\u00f3mina, env\u00edanos los documentos y\/o informaci\u00f3n de tus trabajadoras. Nosotros procesaremos y enviaremos los informes necesarios, y recibir\u00e1s las siguientes evaluaciones de nuestra parte:<\/p>\n<ul>\n<li>Declaraci\u00f3n del impuesto al salario<\/li>\n<li>Comprobantes de pago<\/li>\n<li>N\u00f3minas del Personal<\/li>\n<li>Lista de pagos a realizar<\/li>\n<li>Diario de n\u00f3minas<\/li>\n<li>Otras informes requeridas por la seguridad social<\/li>\n<li>Diversos certificados de la seguridad social, oficina de empleo etc.<\/li>\n<\/ul>\n<\/div><\/div><\/div><div class=\"fusion-panel panel-default panel-1c77e9e021658a2b1 fusion-toggle-has-divider\" style=\"--awb-content-font-size:18px;--awb-content-line-height:1.8;--awb-content-font-family:&quot;Source Sans 3&quot;;--awb-content-font-style:normal;--awb-content-font-weight:400;--awb-title-font-family:&quot;Source Sans 3&quot;;--awb-title-font-weight:500;--awb-title-font-style:normal;--awb-title-color:var(--awb-color8);--awb-content-color:var(--awb-color6);\"><div class=\"panel-heading\"><h5 class=\"panel-title toggle\" id=\"toggle_1c77e9e021658a2b1\"><a aria-expanded=\"false\" aria-controls=\"1c77e9e021658a2b1\" role=\"button\" data-toggle=\"collapse\" data-parent=\"#accordion-2434-1\" data-target=\"#1c77e9e021658a2b1\" href=\"#1c77e9e021658a2b1\"><span class=\"fusion-toggle-icon-wrapper\" aria-hidden=\"true\"><i class=\"fa-fusion-box active-icon awb-icon-minus\" aria-hidden=\"true\"><\/i><i class=\"fa-fusion-box inactive-icon awb-icon-plus\" aria-hidden=\"true\"><\/i><\/span><span class=\"fusion-toggle-heading\">ESTADOS FINANCIEROS ANUALES<\/span><\/a><\/h5><\/div><div id=\"1c77e9e021658a2b1\" class=\"panel-collapse collapse \" aria-labelledby=\"toggle_1c77e9e021658a2b1\"><div class=\"panel-body toggle-content fusion-clearfix\">\n<p>Ofrecemos la preparaci\u00f3n de tus estados financieros anuales y la determinaci\u00f3n de tus ganancias fiscales para empresas de diferentes formas jur\u00eddicas. Nuestros servicios:<\/p>\n<ul>\n<li>Preparaci\u00f3n de estados financieros anuales de acuerdo con las regulaciones del derecho comercial y tributario<\/li>\n<li>Preparaci\u00f3n de las ganancias seg\u00fan Ley del Impuesto \u00a7 4 (3) EStG para las empresas que no estan obligadas a realizar balance comercial<\/li>\n<li>Publicaci\u00f3n de balance en el Registro Mercantil<\/li>\n<li>Preparaci\u00f3n de balances de apertura<\/li>\n<\/ul>\n<p><b>En el caso de contabilidad autonoma:<\/b><\/p>\n<p>Si tu contabilidad es realizada en tu empresa y en tu propio sistema contable, entonces nosotros te ofrecemos la posibilidad de importar tu contabilidad en nuestro sistema, analizarla, realizar los ajustes necesarios y preparar los estados financieros anuales as\u00ed como las declaraciones de impuestos que tu empresa requiera.<\/p>\n<\/div><\/div><\/div><div class=\"fusion-panel panel-default panel-825dcee4dc47dfcb7 fusion-toggle-has-divider\" style=\"--awb-content-font-size:18px;--awb-content-line-height:1.8;--awb-content-font-family:&quot;Source Sans 3&quot;;--awb-content-font-style:normal;--awb-content-font-weight:400;--awb-title-font-family:&quot;Source Sans 3&quot;;--awb-title-font-weight:500;--awb-title-font-style:normal;--awb-title-color:var(--awb-color8);--awb-content-color:var(--awb-color6);\"><div class=\"panel-heading\"><h5 class=\"panel-title toggle\" id=\"toggle_825dcee4dc47dfcb7\"><a aria-expanded=\"false\" aria-controls=\"825dcee4dc47dfcb7\" role=\"button\" data-toggle=\"collapse\" data-parent=\"#accordion-2434-1\" data-target=\"#825dcee4dc47dfcb7\" href=\"#825dcee4dc47dfcb7\"><span class=\"fusion-toggle-icon-wrapper\" aria-hidden=\"true\"><i class=\"fa-fusion-box active-icon awb-icon-minus\" aria-hidden=\"true\"><\/i><i class=\"fa-fusion-box inactive-icon awb-icon-plus\" aria-hidden=\"true\"><\/i><\/span><span class=\"fusion-toggle-heading\">DECLARACI\u00d3N DE IMPUESTOS<\/span><\/a><\/h5><\/div><div id=\"825dcee4dc47dfcb7\" class=\"panel-collapse collapse \" aria-labelledby=\"toggle_825dcee4dc47dfcb7\"><div class=\"panel-body toggle-content fusion-clearfix\">\n<p>Ofrecemos la elaboraci\u00f3n de las siguientes declaraciones de impuestos para empresas de diferentes formas jur\u00eddicas asi como para particulares:<\/p>\n<ul>\n<li>Declaraci\u00f3n del impuesto a la renta, inclu\u00eddo la determinaci\u00f3n de diferentes ingresos individuales (por ejemplo, ingresos de empleo, ingresos de alquiler y arrendamiento, ingresos de capital etc.)<\/li>\n<li>Declaraci\u00f3n del impuesto comercial, en la medida en que los ingresos esten obligados a realizar esta declaraci\u00f3n<\/li>\n<li>C\u00e1lculo y declaraci\u00f3n del Impuesto de Sociedades para personas jur\u00eddicas<\/li>\n<li>Declaraci\u00f3n anual del IVA<\/li>\n<li>Declaraci\u00f3n \u201eEinheitliche und gesonderte Feststellungserkl\u00e4rungen\u201c<\/li>\n<\/ul>\n<p>Adem\u00e1s, revisamos tus liquidaciones tributarias (Steuerbescheid) emitidas por las autoridades fiscales y te acompa\u00f1amos en cualquier procedimiento de recurso extrajudicial que sea necesario.<\/p>\n<\/div><\/div><\/div><\/div><\/div><\/div><\/div><\/div><\/div>\n","protected":false},"excerpt":{"rendered":"","protected":false},"author":2,"featured_media":0,"parent":0,"menu_order":0,"comment_status":"closed","ping_status":"closed","template":"100-width.php","meta":{"footnotes":""},"class_list":["post-2434","page","type-page","status-publish","hentry"],"yoast_head":"<!-- This site is optimized with the Yoast SEO plugin v27.5 - https:\/\/yoast.com\/product\/yoast-seo-wordpress\/ -->\n<title>SERVICIOS - Steuerkanzlei Martinez<\/title>\n<meta name=\"robots\" content=\"index, follow, max-snippet:-1, max-image-preview:large, max-video-preview:-1\" \/>\n<link rel=\"canonical\" href=\"https:\/\/stb-martinez.berlin\/es\/servicios\/\" \/>\n<meta property=\"og:locale\" content=\"es_ES\" \/>\n<meta property=\"og:type\" content=\"article\" \/>\n<meta property=\"og:title\" content=\"SERVICIOS - Steuerkanzlei Martinez\" \/>\n<meta property=\"og:url\" content=\"https:\/\/stb-martinez.berlin\/es\/servicios\/\" \/>\n<meta property=\"og:site_name\" content=\"Steuerkanzlei Martinez\" \/>\n<meta property=\"article:modified_time\" content=\"2023-07-26T07:50:28+00:00\" \/>\n<meta name=\"twitter:card\" content=\"summary_large_image\" \/>\n<meta name=\"twitter:label1\" content=\"Tiempo de lectura\" \/>\n\t<meta name=\"twitter:data1\" content=\"6 minutos\" \/>\n<script type=\"application\/ld+json\" class=\"yoast-schema-graph\">{\"@context\":\"https:\\\/\\\/schema.org\",\"@graph\":[{\"@type\":\"WebPage\",\"@id\":\"https:\\\/\\\/stb-martinez.berlin\\\/es\\\/servicios\\\/\",\"url\":\"https:\\\/\\\/stb-martinez.berlin\\\/es\\\/servicios\\\/\",\"name\":\"SERVICIOS - Steuerkanzlei Martinez\",\"isPartOf\":{\"@id\":\"https:\\\/\\\/stb-martinez.berlin\\\/#website\"},\"datePublished\":\"2020-10-15T10:48:15+00:00\",\"dateModified\":\"2023-07-26T07:50:28+00:00\",\"breadcrumb\":{\"@id\":\"https:\\\/\\\/stb-martinez.berlin\\\/es\\\/servicios\\\/#breadcrumb\"},\"inLanguage\":\"es\",\"potentialAction\":[{\"@type\":\"ReadAction\",\"target\":[\"https:\\\/\\\/stb-martinez.berlin\\\/es\\\/servicios\\\/\"]}]},{\"@type\":\"BreadcrumbList\",\"@id\":\"https:\\\/\\\/stb-martinez.berlin\\\/es\\\/servicios\\\/#breadcrumb\",\"itemListElement\":[{\"@type\":\"ListItem\",\"position\":1,\"name\":\"Startseite\",\"item\":\"https:\\\/\\\/stb-martinez.berlin\\\/es\\\/consultoria-de-asesoria-fiscal-martinez\\\/\"},{\"@type\":\"ListItem\",\"position\":2,\"name\":\"SERVICIOS\"}]},{\"@type\":\"WebSite\",\"@id\":\"https:\\\/\\\/stb-martinez.berlin\\\/#website\",\"url\":\"https:\\\/\\\/stb-martinez.berlin\\\/\",\"name\":\"Steuerkanzlei Martinez\",\"description\":\"\",\"publisher\":{\"@id\":\"https:\\\/\\\/stb-martinez.berlin\\\/#organization\"},\"potentialAction\":[{\"@type\":\"SearchAction\",\"target\":{\"@type\":\"EntryPoint\",\"urlTemplate\":\"https:\\\/\\\/stb-martinez.berlin\\\/?s={search_term_string}\"},\"query-input\":{\"@type\":\"PropertyValueSpecification\",\"valueRequired\":true,\"valueName\":\"search_term_string\"}}],\"inLanguage\":\"es\"},{\"@type\":\"Organization\",\"@id\":\"https:\\\/\\\/stb-martinez.berlin\\\/#organization\",\"name\":\"Steuerkanzlei Martinez\",\"alternateName\":\"CONSULTOR\u00cdA FISCAL MART\u00cdNEZ EN BERLIN-MITTE\",\"url\":\"https:\\\/\\\/stb-martinez.berlin\\\/\",\"logo\":{\"@type\":\"ImageObject\",\"inLanguage\":\"es\",\"@id\":\"https:\\\/\\\/stb-martinez.berlin\\\/#\\\/schema\\\/logo\\\/image\\\/\",\"url\":\"https:\\\/\\\/stb-martinez.berlin\\\/wp-content\\\/uploads\\\/2023\\\/07\\\/org_martinez.png\",\"contentUrl\":\"https:\\\/\\\/stb-martinez.berlin\\\/wp-content\\\/uploads\\\/2023\\\/07\\\/org_martinez.png\",\"width\":224,\"height\":65,\"caption\":\"Steuerkanzlei Martinez\"},\"image\":{\"@id\":\"https:\\\/\\\/stb-martinez.berlin\\\/#\\\/schema\\\/logo\\\/image\\\/\"}}]}<\/script>\n<!-- \/ Yoast SEO plugin. -->","yoast_head_json":{"title":"SERVICIOS - Steuerkanzlei Martinez","robots":{"index":"index","follow":"follow","max-snippet":"max-snippet:-1","max-image-preview":"max-image-preview:large","max-video-preview":"max-video-preview:-1"},"canonical":"https:\/\/stb-martinez.berlin\/es\/servicios\/","og_locale":"es_ES","og_type":"article","og_title":"SERVICIOS - Steuerkanzlei Martinez","og_url":"https:\/\/stb-martinez.berlin\/es\/servicios\/","og_site_name":"Steuerkanzlei Martinez","article_modified_time":"2023-07-26T07:50:28+00:00","twitter_card":"summary_large_image","twitter_misc":{"Tiempo de lectura":"6 minutos"},"schema":{"@context":"https:\/\/schema.org","@graph":[{"@type":"WebPage","@id":"https:\/\/stb-martinez.berlin\/es\/servicios\/","url":"https:\/\/stb-martinez.berlin\/es\/servicios\/","name":"SERVICIOS - Steuerkanzlei Martinez","isPartOf":{"@id":"https:\/\/stb-martinez.berlin\/#website"},"datePublished":"2020-10-15T10:48:15+00:00","dateModified":"2023-07-26T07:50:28+00:00","breadcrumb":{"@id":"https:\/\/stb-martinez.berlin\/es\/servicios\/#breadcrumb"},"inLanguage":"es","potentialAction":[{"@type":"ReadAction","target":["https:\/\/stb-martinez.berlin\/es\/servicios\/"]}]},{"@type":"BreadcrumbList","@id":"https:\/\/stb-martinez.berlin\/es\/servicios\/#breadcrumb","itemListElement":[{"@type":"ListItem","position":1,"name":"Startseite","item":"https:\/\/stb-martinez.berlin\/es\/consultoria-de-asesoria-fiscal-martinez\/"},{"@type":"ListItem","position":2,"name":"SERVICIOS"}]},{"@type":"WebSite","@id":"https:\/\/stb-martinez.berlin\/#website","url":"https:\/\/stb-martinez.berlin\/","name":"Steuerkanzlei Martinez","description":"","publisher":{"@id":"https:\/\/stb-martinez.berlin\/#organization"},"potentialAction":[{"@type":"SearchAction","target":{"@type":"EntryPoint","urlTemplate":"https:\/\/stb-martinez.berlin\/?s={search_term_string}"},"query-input":{"@type":"PropertyValueSpecification","valueRequired":true,"valueName":"search_term_string"}}],"inLanguage":"es"},{"@type":"Organization","@id":"https:\/\/stb-martinez.berlin\/#organization","name":"Steuerkanzlei Martinez","alternateName":"CONSULTOR\u00cdA FISCAL MART\u00cdNEZ EN BERLIN-MITTE","url":"https:\/\/stb-martinez.berlin\/","logo":{"@type":"ImageObject","inLanguage":"es","@id":"https:\/\/stb-martinez.berlin\/#\/schema\/logo\/image\/","url":"https:\/\/stb-martinez.berlin\/wp-content\/uploads\/2023\/07\/org_martinez.png","contentUrl":"https:\/\/stb-martinez.berlin\/wp-content\/uploads\/2023\/07\/org_martinez.png","width":224,"height":65,"caption":"Steuerkanzlei Martinez"},"image":{"@id":"https:\/\/stb-martinez.berlin\/#\/schema\/logo\/image\/"}}]}},"_links":{"self":[{"href":"https:\/\/stb-martinez.berlin\/es\/wp-json\/wp\/v2\/pages\/2434","targetHints":{"allow":["GET"]}}],"collection":[{"href":"https:\/\/stb-martinez.berlin\/es\/wp-json\/wp\/v2\/pages"}],"about":[{"href":"https:\/\/stb-martinez.berlin\/es\/wp-json\/wp\/v2\/types\/page"}],"author":[{"embeddable":true,"href":"https:\/\/stb-martinez.berlin\/es\/wp-json\/wp\/v2\/users\/2"}],"replies":[{"embeddable":true,"href":"https:\/\/stb-martinez.berlin\/es\/wp-json\/wp\/v2\/comments?post=2434"}],"version-history":[{"count":6,"href":"https:\/\/stb-martinez.berlin\/es\/wp-json\/wp\/v2\/pages\/2434\/revisions"}],"predecessor-version":[{"id":2598,"href":"https:\/\/stb-martinez.berlin\/es\/wp-json\/wp\/v2\/pages\/2434\/revisions\/2598"}],"wp:attachment":[{"href":"https:\/\/stb-martinez.berlin\/es\/wp-json\/wp\/v2\/media?parent=2434"}],"curies":[{"name":"wp","href":"https:\/\/api.w.org\/{rel}","templated":true}]}}